{"id":22731,"date":"2021-05-03T15:31:58","date_gmt":"2021-05-03T15:31:58","guid":{"rendered":"https:\/\/aktualnosti-gpp.pravst.unist.hr\/?page_id=22731"},"modified":"2021-05-10T14:36:08","modified_gmt":"2021-05-10T14:36:08","slug":"upute-za-autore","status":"publish","type":"page","link":"https:\/\/aktualnosti-gpp.pravst.unist.hr\/en\/upute-za-autore\/","title":{"rendered":"Instructions for authors"},"content":{"rendered":"<div data-elementor-type=\"wp-page\" data-elementor-id=\"22731\" class=\"elementor elementor-22731\">\n\t\t\t\t\t\t<section class=\"elementor-section elementor-top-section elementor-element elementor-element-1d5ac79 elementor-section-boxed elementor-section-height-default elementor-section-height-default\" data-id=\"1d5ac79\" data-element_type=\"section\">\n\t\t\t\t\t\t<div class=\"elementor-container elementor-column-gap-default\">\n\t\t\t\t\t<div class=\"elementor-column elementor-col-100 elementor-top-column elementor-element elementor-element-bb29ce0\" data-id=\"bb29ce0\" data-element_type=\"column\">\n\t\t\t<div class=\"elementor-widget-wrap elementor-element-populated\">\n\t\t\t\t\t\t<div class=\"elementor-element elementor-element-ac56f01 elementor-widget elementor-widget-text-editor\" data-id=\"ac56f01\" data-element_type=\"widget\" data-widget_type=\"text-editor.default\">\n\t\t\t\t<div class=\"elementor-widget-container\">\n\t\t\t\t\t\t\t\t\t<h3><strong>I. INSTRUCTIONS FOR AUTHORS<\/strong><\/h3><p><strong><br \/>a) Citing titles and authors<\/strong><\/p><p>On the first page of the paper, the authors should submit their name, surname, title, and name of their institution in the middle. The title of the paper should be stated below, in the middle, in capital letters and bolded (font 14). Subheadings should also be in the middle, in lower case, bolded (font 12) and denoted by Arabic numerals. If there is more than one unit within the subheading, they are also denoted by Arabic numerals (e.g., 1.1., 1.2., 1.3., etc.)<\/p><p>\u00a0<\/p><p><strong>b) Summary and keywords<\/strong><\/p><p>Below the title, there should be a summary of the paper. It should encompass between 150 to 250 words (font: Times New Roman, size 10) and up to 5 keywords in the language in which the paper is written. The title, summary and keywords in the English language should be at the end of the paper. Papers written in English should contain keywords in English (at the beginning of the paper) and in Croatian (at the end of the paper).\u00a0<\/p><p>The paper should have bibliography at the end.<\/p><p>\u00a0<\/p><p><strong>c) Font and scope of work<\/strong><\/p><p>The text must be written in the font Times New Roman, size 12, spacing 1,5\u00a0<\/p><p>Footnotes must be written in the font Times New Roman, size 10, line spacing single.\u00a0<\/p><p>Submitted papers should not exceed more than 32 text cards (1 text card equals 1800 characters with spaces) including headings, subheadings, intertitles, notes, and other parts of the text.<\/p><p>\u00a0<\/p><p><strong>d) Instructions for writing footnotes (notes)\u00a0<\/strong><\/p><p>\u00a0<\/p><p><strong>FIRST INDICATION OF SOURCES IN THE TEXT (FULL OVERVIEW)<\/strong><\/p><p>When first quoting in a footnote of any source (e.g., books, articles, etc.), the general rule is to state complete information about the bibliographic item. Name and surname of the author, the title of the book: subtitle (place: publisher, year of publication), page number.<br \/><br \/><\/p><p><strong>Books<\/strong><\/p><p>Triva, S.; Dika, M., <em>Gra\u0111ansko parni\u010dno procesno pravo<\/em>7. ed., Zagreb: Narodne novine, 2004.<\/p><p>Dika, M., <em>Gra\u0111ansko ovr\u0161no pravo, I. knjiga, Op\u0107e gra\u0111ansko ovr\u0161no pravo, <\/em>Zagreb: Narodne novine, 2007.<\/p><p>Dika, M., <em>Izvanparni\u010dni postupci u obiteljskim odnosima<\/em>, u: Alin\u010di\u0107, M. <em>et al<\/em>., <em>Obiteljski zakon \u2013 novine, dvojbe i perspektive<\/em>, Zagreb: Narodne novine, 2003., str. 133-172.<\/p><p>\u00a0<\/p><p><strong>Articles<\/strong><\/p><p>Mihel\u010di\u0107, G., Marochini, M., <em>Koneksitet ostvarenja vindikacijskog zahtjeva na nekretnini i tzv. prava na po\u0161tovanje doma<\/em>, Zbornik Pravnog fakulteta Sveu\u010dili\u0161ta u Rijeci, vol. 35, br. 1., 2014., str. 163-192.<\/p><p>\u00a0<\/p><p>If the same source is terminated by citing another source, then the next citation of that source will be in abbreviated form. For each subsequent citation of this work in footnotes, its abbreviated form is written, which includes the author's surname, the title of the paper in <em>italic<\/em> and the number of the cited page. Author's surname, book title and page number.<\/p><p>TRIVA \u2013 DIKA, <em>GPPP, <\/em>str. 373.<\/p><p>\u00a0<\/p><p><strong>NETWORK SOURCES<\/strong><\/p><p>Network sources are subject to all the rules stated above, provided that only the network connection and the date of access to the source are required.<\/p><p>Final proposal of the Law on amendments to the Civil Procedure Act from 2019, Zagreb, May 2019, available at:<\/p><p><a href=\"https:\/\/www.sabor.hr\/konacni-prijedlog-zakona-o-izmjenama-i-dopunama-zakona-o-parnicnom-postupku-drugo-citanje-pz-br-620?t=109999&amp;tid=207910\">https:\/\/www.sabor.hr\/konacni-prijedlog-zakona-o-izmjenama-i-dopunama-zakona-o-parnicnom-postupku-drugo-citanje-pz-br-620?t=109999&amp;tid=207910<\/a> (28. 3. 2021.).<\/p><p><strong>\u00a0<\/strong><\/p><p><strong>CASE LAW OF THE EUROPEAN COURT OF HUMAN RIGHTS<\/strong><\/p><p><em>Mindek protiv Hrvatske, <\/em>request no. 6169\/13, verdict since 30th of August, 2016., ECLI:CE:ECHR:2016:0830JUD000616913.<\/p><p><em>\u00a0<\/em><\/p><p><strong>CASE LAW OF THE COURT OF JUSTICE OF THE EUROPEAN UNION<\/strong><\/p><p>Subject C-415\/11, verdict since 14th of March, 2013 <em>Mohamed Aziz\u00a0 protiv Caixa d\u00b4Estalvis de Catalunya, Tarragona i Manresa Catalunyacaixa, <\/em>ECLI:EU:C:2013:164,<\/p><p>\u00a0<\/p><p><strong>DOMESTIC CASE LAW<\/strong><\/p><p>VSRH, no. Rev 1037\/07-2., since 19th of November, 2008., available at: https:\/\/sudskapraksa.csp.vsrh.hr\/decisionPdf?id=090216ba8055f386 (accessed on 1st of September, 2020.).<\/p><p><strong>\u00a0<\/strong><\/p><p><strong>LEGAL ACTS<\/strong><\/p><p>At the first mention, the full names of the official gazettes should be written, not abbreviations.<\/p><p>E.g.:<\/p><p>Civil Procedure Law, Slu\u017ebeni listi SFRJ, no. 4\/77, 36\/77, 6\/80, 36\/80, 43\/82, 69\/82, 58\/84, 74\/87, 57\/89, 20\/90, 27\/90, 35\/91, and Narodne novine, no. <a href=\"https:\/\/www.zakon.hr\/cms.htm?id=33241\">53\/91<\/a>, <a href=\"https:\/\/www.zakon.hr\/cms.htm?id=33243\">91\/92<\/a>, <a href=\"https:\/\/www.zakon.hr\/cms.htm?id=33245\">58\/93<\/a>, <a href=\"https:\/\/www.zakon.hr\/cms.htm?id=33247\">112\/99<\/a>, <a href=\"https:\/\/www.zakon.hr\/cms.htm?id=33249\">88\/01<\/a>, <a href=\"https:\/\/www.zakon.hr\/cms.htm?id=33251\">117\/03<\/a>, <a href=\"https:\/\/www.zakon.hr\/cms.htm?id=33253\">88\/05<\/a>, <a href=\"https:\/\/www.zakon.hr\/cms.htm?id=33255\">02\/07<\/a>, <a href=\"https:\/\/narodne-novine.nn.hr\/clanci\/sluzbeni\/2008_07_84_2720.html\">84\/08<\/a>, <a href=\"https:\/\/www.zakon.hr\/cms.htm?id=33259\">96\/08<\/a>, <a href=\"https:\/\/www.zakon.hr\/cms.htm?id=33261\">123\/08<\/a>, <a href=\"https:\/\/www.zakon.hr\/cms.htm?id=33263\">57\/11<\/a>, <a href=\"https:\/\/www.zakon.hr\/cms.htm?id=33265\">148\/11<\/a>, <a href=\"https:\/\/www.zakon.hr\/cms.htm?id=33267\">25\/13<\/a>, <a href=\"https:\/\/www.zakon.hr\/cms.htm?id=33269\">89\/14<\/a>, <a href=\"https:\/\/www.zakon.hr\/cms.htm?id=39887\">70\/19<\/a>.<\/p><p>\u00a0<\/p><p>After the preparation of the text (proofreading and graphic formatting), the text of the paper, in PDF format, is sent to the author for review.\u00a0<\/p><p>\u00a0<\/p><h3><strong>II. DELIVERY OF PAPERS TO THE EDITORIAL OFFICE<\/strong><\/h3><p><br \/>Manuscripts - papers are submitted to the Editorial Board in electronic form and Word - format to the e-mail address of the Editorial Board: <a href=\"mailto:aktualnosti.gpp@pravst.hr\">aktualnosti.gpp@pravst.hr<\/a><\/p><p>By submitting the manuscript for publication in the Collected Papers of the Conference - Actualities of Civil Procedure Law - National and Comparative Legal Theoretical and Practical Achievements, the authors agree to post their papers on the conference website, i.e., on the website of the Faculty of Law of the University of Split.<\/p><p>The Editorial board does not return the received papers.<\/p><p>The editors reserve the right to return the work to the author for revision and the right to refuse the publishment of the proposed work.<\/p><p>Papers published in the Collected Papers of the Conference may be published by authors in other publications with a clear indication of their first publication in the Collected Papers of the Conference.\u00a0<\/p><p>Papers that do not meet the criteria of the journal will not be considered by the Editorial Board.\u00a0<\/p>\t\t\t\t\t\t\t\t<\/div>\n\t\t\t\t<\/div>\n\t\t\t\t\t<\/div>\n\t\t<\/div>\n\t\t\t\t\t<\/div>\n\t\t<\/section>\n\t\t\t\t<section class=\"elementor-section elementor-top-section elementor-element elementor-element-02b11c4 elementor-section-full_width elementor-section-height-default elementor-section-height-default\" data-id=\"02b11c4\" data-element_type=\"section\">\n\t\t\t\t\t\t<div class=\"elementor-container elementor-column-gap-default\">\n\t\t\t\t\t<div class=\"elementor-column elementor-col-100 elementor-top-column elementor-element elementor-element-4307771\" data-id=\"4307771\" data-element_type=\"column\">\n\t\t\t<div class=\"elementor-widget-wrap elementor-element-populated\">\n\t\t\t\t\t\t<div class=\"elementor-element elementor-element-ddecea1 elementor-widget elementor-widget-spacer\" data-id=\"ddecea1\" data-element_type=\"widget\" data-widget_type=\"spacer.default\">\n\t\t\t\t<div class=\"elementor-widget-container\">\n\t\t\t\t\t\t\t<div class=\"elementor-spacer\">\n\t\t\t<div class=\"elementor-spacer-inner\"><\/div>\n\t\t<\/div>\n\t\t\t\t\t\t<\/div>\n\t\t\t\t<\/div>\n\t\t\t\t<div class=\"elementor-element elementor-element-08d1649 elementor-widget elementor-widget-image-gallery\" data-id=\"08d1649\" data-element_type=\"widget\" data-widget_type=\"image-gallery.default\">\n\t\t\t\t<div class=\"elementor-widget-container\">\n\t\t\t\t\t\t\t<div class=\"elementor-image-gallery\">\n\t\t\t\n\t\t\t<style type='text\/css'>\n\t\t\t\t#gallery-1 {\n\t\t\t\t\tmargin: auto;\n\t\t\t\t}\n\t\t\t\t#gallery-1 .gallery-item {\n\t\t\t\t\tfloat: left;\n\t\t\t\t\tmargin-top: 10px;\n\t\t\t\t\ttext-align: center;\n\t\t\t\t\twidth: 20%;\n\t\t\t\t}\n\t\t\t\t#gallery-1 img {\n\t\t\t\t\tborder: 2px solid #cfcfcf;\n\t\t\t\t}\n\t\t\t\t#gallery-1 .gallery-caption {\n\t\t\t\t\tmargin-left: 0;\n\t\t\t\t}\n\t\t\t\t\/* see gallery_shortcode() in wp-includes\/media.php *\/\n\t\t\t<\/style>\n\t\t<div id='gallery-1' class='dt-gallery-container gallery galleryid-22731 gallery-columns-5 gallery-size-medium'><dl class='gallery-item'>\n\t\t\t\t<dt class='gallery-icon landscape'>\n\t\t\t\t\t<img fetchpriority=\"high\" decoding=\"async\" width=\"300\" height=\"200\" src=\"https:\/\/aktualnosti-gpp.pravst.unist.hr\/wp-content\/uploads\/2021\/05\/IMG_6080-3-300x200.jpg\" class=\"attachment-medium size-medium\" alt=\"\" srcset=\"https:\/\/aktualnosti-gpp.pravst.unist.hr\/wp-content\/uploads\/2021\/05\/IMG_6080-3-300x200.jpg 300w, https:\/\/aktualnosti-gpp.pravst.unist.hr\/wp-content\/uploads\/2021\/05\/IMG_6080-3-1024x683.jpg 1024w, https:\/\/aktualnosti-gpp.pravst.unist.hr\/wp-content\/uploads\/2021\/05\/IMG_6080-3-768x512.jpg 768w, https:\/\/aktualnosti-gpp.pravst.unist.hr\/wp-content\/uploads\/2021\/05\/IMG_6080-3-1536x1024.jpg 1536w, https:\/\/aktualnosti-gpp.pravst.unist.hr\/wp-content\/uploads\/2021\/05\/IMG_6080-3-16x12.jpg 16w, https:\/\/aktualnosti-gpp.pravst.unist.hr\/wp-content\/uploads\/2021\/05\/IMG_6080-3.jpg 1632w\" sizes=\"(max-width: 300px) 100vw, 300px\" \/>\n\t\t\t\t<\/dt><\/dl><dl class='gallery-item'>\n\t\t\t\t<dt class='gallery-icon landscape'>\n\t\t\t\t\t<img decoding=\"async\" width=\"300\" height=\"200\" src=\"https:\/\/aktualnosti-gpp.pravst.unist.hr\/wp-content\/uploads\/2021\/05\/IMG_6047-1-300x200.jpg\" class=\"attachment-medium size-medium\" alt=\"\" srcset=\"https:\/\/aktualnosti-gpp.pravst.unist.hr\/wp-content\/uploads\/2021\/05\/IMG_6047-1-300x200.jpg 300w, https:\/\/aktualnosti-gpp.pravst.unist.hr\/wp-content\/uploads\/2021\/05\/IMG_6047-1-1024x683.jpg 1024w, https:\/\/aktualnosti-gpp.pravst.unist.hr\/wp-content\/uploads\/2021\/05\/IMG_6047-1-768x512.jpg 768w, https:\/\/aktualnosti-gpp.pravst.unist.hr\/wp-content\/uploads\/2021\/05\/IMG_6047-1-1536x1024.jpg 1536w, https:\/\/aktualnosti-gpp.pravst.unist.hr\/wp-content\/uploads\/2021\/05\/IMG_6047-1-16x12.jpg 16w, https:\/\/aktualnosti-gpp.pravst.unist.hr\/wp-content\/uploads\/2021\/05\/IMG_6047-1.jpg 1632w\" sizes=\"(max-width: 300px) 100vw, 300px\" \/>\n\t\t\t\t<\/dt><\/dl><dl class='gallery-item'>\n\t\t\t\t<dt class='gallery-icon landscape'>\n\t\t\t\t\t<img decoding=\"async\" width=\"300\" height=\"200\" src=\"https:\/\/aktualnosti-gpp.pravst.unist.hr\/wp-content\/uploads\/2021\/05\/2017-10-26-10.16.00-2-1-300x200.jpg\" class=\"attachment-medium size-medium\" alt=\"\" srcset=\"https:\/\/aktualnosti-gpp.pravst.unist.hr\/wp-content\/uploads\/2021\/05\/2017-10-26-10.16.00-2-1-300x200.jpg 300w, https:\/\/aktualnosti-gpp.pravst.unist.hr\/wp-content\/uploads\/2021\/05\/2017-10-26-10.16.00-2-1-1024x683.jpg 1024w, https:\/\/aktualnosti-gpp.pravst.unist.hr\/wp-content\/uploads\/2021\/05\/2017-10-26-10.16.00-2-1-768x512.jpg 768w, https:\/\/aktualnosti-gpp.pravst.unist.hr\/wp-content\/uploads\/2021\/05\/2017-10-26-10.16.00-2-1-1536x1024.jpg 1536w, https:\/\/aktualnosti-gpp.pravst.unist.hr\/wp-content\/uploads\/2021\/05\/2017-10-26-10.16.00-2-1-16x12.jpg 16w, https:\/\/aktualnosti-gpp.pravst.unist.hr\/wp-content\/uploads\/2021\/05\/2017-10-26-10.16.00-2-1.jpg 1632w\" sizes=\"(max-width: 300px) 100vw, 300px\" \/>\n\t\t\t\t<\/dt><\/dl><dl class='gallery-item'>\n\t\t\t\t<dt class='gallery-icon landscape'>\n\t\t\t\t\t<img loading=\"lazy\" decoding=\"async\" width=\"300\" height=\"200\" src=\"https:\/\/aktualnosti-gpp.pravst.unist.hr\/wp-content\/uploads\/2021\/05\/IMG_5974-1-300x200.jpg\" class=\"attachment-medium size-medium\" alt=\"\" srcset=\"https:\/\/aktualnosti-gpp.pravst.unist.hr\/wp-content\/uploads\/2021\/05\/IMG_5974-1-300x200.jpg 300w, https:\/\/aktualnosti-gpp.pravst.unist.hr\/wp-content\/uploads\/2021\/05\/IMG_5974-1-1024x683.jpg 1024w, https:\/\/aktualnosti-gpp.pravst.unist.hr\/wp-content\/uploads\/2021\/05\/IMG_5974-1-768x512.jpg 768w, https:\/\/aktualnosti-gpp.pravst.unist.hr\/wp-content\/uploads\/2021\/05\/IMG_5974-1-1536x1024.jpg 1536w, https:\/\/aktualnosti-gpp.pravst.unist.hr\/wp-content\/uploads\/2021\/05\/IMG_5974-1-16x12.jpg 16w, https:\/\/aktualnosti-gpp.pravst.unist.hr\/wp-content\/uploads\/2021\/05\/IMG_5974-1.jpg 1632w\" sizes=\"(max-width: 300px) 100vw, 300px\" \/>\n\t\t\t\t<\/dt><\/dl><dl class='gallery-item'>\n\t\t\t\t<dt class='gallery-icon landscape'>\n\t\t\t\t\t<img loading=\"lazy\" decoding=\"async\" width=\"300\" height=\"200\" src=\"https:\/\/aktualnosti-gpp.pravst.unist.hr\/wp-content\/uploads\/2021\/05\/IMG_6353-2-300x200.jpg\" class=\"attachment-medium size-medium\" alt=\"\" srcset=\"https:\/\/aktualnosti-gpp.pravst.unist.hr\/wp-content\/uploads\/2021\/05\/IMG_6353-2-300x200.jpg 300w, https:\/\/aktualnosti-gpp.pravst.unist.hr\/wp-content\/uploads\/2021\/05\/IMG_6353-2-1024x683.jpg 1024w, https:\/\/aktualnosti-gpp.pravst.unist.hr\/wp-content\/uploads\/2021\/05\/IMG_6353-2-768x512.jpg 768w, https:\/\/aktualnosti-gpp.pravst.unist.hr\/wp-content\/uploads\/2021\/05\/IMG_6353-2-1536x1024.jpg 1536w, https:\/\/aktualnosti-gpp.pravst.unist.hr\/wp-content\/uploads\/2021\/05\/IMG_6353-2-16x12.jpg 16w, https:\/\/aktualnosti-gpp.pravst.unist.hr\/wp-content\/uploads\/2021\/05\/IMG_6353-2.jpg 1632w\" sizes=\"(max-width: 300px) 100vw, 300px\" \/>\n\t\t\t\t<\/dt><\/dl><br style=\"clear: both\" \/>\n\t\t\t<\/div>\n\t\t<\/div>\n\t\t\t\t\t\t<\/div>\n\t\t\t\t<\/div>\n\t\t\t\t\t<\/div>\n\t\t<\/div>\n\t\t\t\t\t<\/div>\n\t\t<\/section>\n\t\t\t\t<\/div>","protected":false},"excerpt":{"rendered":"<p>I. TEHNI\u010cKE UPUTE AUTORIMA a) Navo\u0111enje naslova i autora Na prvoj stranici rada, na sredini, navodi se znanstveni stupanj, ime i prezime autora, ustanova u kojoj je autor zaposlen. Ispod navedenog treba navesti naslov rada. On se pi\u0161e na sredini, velikim slovima i boldom (font 14).\u00a0 Podnaslovi se pi\u0161u na sredini, malim slovima i boldom&hellip;<\/p>","protected":false},"author":1,"featured_media":0,"parent":0,"menu_order":0,"comment_status":"closed","ping_status":"closed","template":"elementor_header_footer","meta":[],"class_list":["post-22731","page","type-page","status-publish","hentry","description-off"],"_links":{"self":[{"href":"https:\/\/aktualnosti-gpp.pravst.unist.hr\/en\/wp-json\/wp\/v2\/pages\/22731","targetHints":{"allow":["GET"]}}],"collection":[{"href":"https:\/\/aktualnosti-gpp.pravst.unist.hr\/en\/wp-json\/wp\/v2\/pages"}],"about":[{"href":"https:\/\/aktualnosti-gpp.pravst.unist.hr\/en\/wp-json\/wp\/v2\/types\/page"}],"author":[{"embeddable":true,"href":"https:\/\/aktualnosti-gpp.pravst.unist.hr\/en\/wp-json\/wp\/v2\/users\/1"}],"replies":[{"embeddable":true,"href":"https:\/\/aktualnosti-gpp.pravst.unist.hr\/en\/wp-json\/wp\/v2\/comments?post=22731"}],"version-history":[{"count":7,"href":"https:\/\/aktualnosti-gpp.pravst.unist.hr\/en\/wp-json\/wp\/v2\/pages\/22731\/revisions"}],"predecessor-version":[{"id":23084,"href":"https:\/\/aktualnosti-gpp.pravst.unist.hr\/en\/wp-json\/wp\/v2\/pages\/22731\/revisions\/23084"}],"wp:attachment":[{"href":"https:\/\/aktualnosti-gpp.pravst.unist.hr\/en\/wp-json\/wp\/v2\/media?parent=22731"}],"curies":[{"name":"wp","href":"https:\/\/api.w.org\/{rel}","templated":true}]}}